{"id":350,"date":"2019-07-20T03:11:53","date_gmt":"2019-07-20T01:11:53","guid":{"rendered":"https:\/\/skalmontreuxvevey.org\/aide-humanitaire\/"},"modified":"2019-08-16T15:07:37","modified_gmt":"2019-08-16T13:07:37","slug":"charities","status":"publish","type":"page","link":"https:\/\/skalmontreuxvevey.org\/en\/charities\/","title":{"rendered":"Charities"},"content":{"rendered":"<p>[et_pb_section fb_built=&#8221;1&#8243; _builder_version=&#8221;3.22&#8243;][et_pb_row admin_label=&#8221;texte Introduction&#8221; _builder_version=&#8221;3.26.3&#8243; background_size=&#8221;initial&#8221; background_position=&#8221;top_left&#8221; background_repeat=&#8221;repeat&#8221;][et_pb_column type=&#8221;4_4&#8243; _builder_version=&#8221;3.25&#8243; custom_padding=&#8221;|||&#8221; custom_padding__hover=&#8221;|||&#8221;][et_pb_post_title meta=&#8221;off&#8221; featured_image=&#8221;off&#8221; admin_label=&#8221;Titre&#8221; _builder_version=&#8221;3.26.3&#8243; title_font=&#8221;||||||||&#8221; title_text_align=&#8221;center&#8221; title_font_size=&#8221;40px&#8221; text_orientation=&#8221;center&#8221;][\/et_pb_post_title][et_pb_text _builder_version=&#8221;3.26.8&#8243; background_size=&#8221;initial&#8221; background_position=&#8221;top_left&#8221; background_repeat=&#8221;repeat&#8221;]<\/p>\n<h2 style=\"text-align: center;\">One of the main objectives of Skal International is charity,<\/h2>\n<p style=\"text-align: center;\">Another reason why Skal Club Montreux Vevey 5 is starting to help two established NGOs, which are currently assisting disabled and destitute children in Thailand, Sri Lanka\u00a0 and Ecuador, They have been selected for the help program for 2019 &#8211; 2021<\/p>\n<h3 style=\"text-align: center;\">DONATE TO SUPPORT OUR CHARITIES:<\/h3>\n<p style=\"text-align: center;\">With your kind support and contributions will enable us to meet our goals of supporting our charities along the year. <br \/>Your generous donation will fund our mission to improve the lives of children and others across the World. <br \/>Thanks <\/p>\n<p>[\/et_pb_text][\/et_pb_column][\/et_pb_row][et_pb_row column_structure=&#8221;1_2,1_2&#8243; admin_label=&#8221;Logo Associations&#8221; _builder_version=&#8221;3.26.3&#8243; module_alignment=&#8221;center&#8221;][et_pb_column type=&#8221;1_2&#8243; _builder_version=&#8221;3.26.3&#8243;][et_pb_text _builder_version=&#8221;3.26.3&#8243;]<\/p>\n<p><a href=\"https:\/\/skalmontreuxvevey.org\/wp-content\/uploads\/EcuaThai-LOGO-2017.png\"><\/a><a href=\"https:\/\/skalmontreuxvevey.org\/wp-content\/uploads\/EcuaThai-LOGO-CH-SKAL.jpg\"><\/a><a href=\"http:\/\/ecuathai.org\/\"><img loading=\"lazy\" decoding=\"async\" src=\"https:\/\/skalmontreuxvevey.org\/wp-content\/uploads\/EcuaThai-LOGO-CH-SKAL.jpg\" width=\"225\" height=\"137\" alt=\"EcuaThai LOGO CH- SKAL\" class=\"wp-image-131 aligncenter size-full\" \/><\/a><a href=\"https:\/\/skalmontreuxvevey.org\/wp-content\/uploads\/EcuaThai-LOGO-CH-SKAL.jpg\"><\/a><a href=\"https:\/\/skalmontreuxvevey.org\/wp-content\/uploads\/EcuaThai-LOGO-2017.png\"><\/a><\/p>\n<p><img loading=\"lazy\" decoding=\"async\" src=\"https:\/\/skalmontreuxvevey.org\/wp-content\/uploads\/SKAL-Ecuathai.jpg\" width=\"600\" height=\"400\" alt=\"SKAL-Ecuathai\" class=\"wp-image-120 aligncenter size-full\" srcset=\"https:\/\/skalmontreuxvevey.org\/wp-content\/uploads\/SKAL-Ecuathai.jpg 600w, https:\/\/skalmontreuxvevey.org\/wp-content\/uploads\/SKAL-Ecuathai-300x200.jpg 300w\" sizes=\"(max-width: 600px) 100vw, 600px\" \/><\/p>\n<p>[\/et_pb_text][et_pb_text _builder_version=&#8221;3.26.8&#8243;]<\/p>\n<p><a href=\"http:\/\/ecuathai.org\" target=\"_blank\" rel=\"noopener noreferrer\">EcuaThai.org<\/a>, founded in 2014, is the first non-profit, non-governmental organisation set up to help orphans and disabled children in Ecuador and the Kingdom of Thailand, who lost their parents for various reasons, such as tsunami, earthquakes, or has a disability.<\/p>\n<p>A private NGO based in Martingy in Switzerland and supported by companies of all kinds EcuaThai.org collaborates in Ecuador mainly with the Foundation &#8220;<a href=\"http:\/\/fundacionmariavictoria.org\/ayuda-internacional\/\" target=\"_blank\" rel=\"noopener noreferrer\">Fundaci\u00f3n Mar\u00eda Victoria &#8211; FUNMAVI<\/a>&#8220;<\/p>\n<p>[\/et_pb_text][\/et_pb_column][et_pb_column type=&#8221;1_2&#8243; _builder_version=&#8221;3.26.3&#8243;][et_pb_text _builder_version=&#8221;3.26.3&#8243;]<\/p>\n<p><a href=\"https:\/\/skalmontreuxvevey.org\/wp-content\/uploads\/Logo-Asie-SOS.png\"><img loading=\"lazy\" decoding=\"async\" src=\"https:\/\/skalmontreuxvevey.org\/wp-content\/uploads\/Logo-Asie-SOS.png\" width=\"213\" height=\"137\" alt=\"Logo-Asie-SOS\" class=\"wp-image-116 aligncenter size-full\" \/><\/a><\/p>\n<p><img loading=\"lazy\" decoding=\"async\" src=\"https:\/\/skalmontreuxvevey.org\/wp-content\/uploads\/Skal-Asie-SOS.jpg\" width=\"600\" height=\"400\" alt=\"Skal-Asie-SOS\" class=\"wp-image-122 aligncenter size-full\" srcset=\"https:\/\/skalmontreuxvevey.org\/wp-content\/uploads\/Skal-Asie-SOS.jpg 600w, https:\/\/skalmontreuxvevey.org\/wp-content\/uploads\/Skal-Asie-SOS-300x200.jpg 300w\" sizes=\"(max-width: 600px) 100vw, 600px\" \/><\/p>\n<p>[\/et_pb_text][et_pb_text _builder_version=&#8221;3.26.8&#8243;]<\/p>\n<p>Asie SOS helps poor families in Sri Lanka. Their goal for 2019 is to award 23 student grants, help for funding courses, transport, housing, small equipment and computers &#8230;<\/p>\n<p>[\/et_pb_text][\/et_pb_column][\/et_pb_row][\/et_pb_section]<\/p>\n","protected":false},"excerpt":{"rendered":"<p>One of the main objectives of Skal International is charity, Another reason why Skal Club Montreux Vevey 5 is starting to help two established NGOs, which are currently assisting disabled and destitute children in Thailand, Sri Lanka\u00a0 and Ecuador, They have been selected for the help program for 2019 &#8211; 2021 DONATE TO SUPPORT OUR [&hellip;]<\/p>\n","protected":false},"author":1,"featured_media":0,"parent":0,"menu_order":0,"comment_status":"closed","ping_status":"closed","template":"","meta":{"_et_pb_use_builder":"on","_et_pb_old_content":"<!-- wp:heading -->\r\n<h2>Un des principaux objectifs du\u00a0Skal\u00a0International est l\u2019activit\u00e9 caritative.<\/h2>\r\n<!-- \/wp:heading -->\r\n\r\n<!-- wp:paragraph -->\r\n<p>Encore une raison pour laquelle\u00a0le Skal\u00a0Club Montreux Vevey 5 commence \u00e0 aider deux\u00a0associations de soutien aux enfants\u00a0handicap\u00e9s\u00a0et d\u00e9munies en Tha\u00eflande, Equateur et Sri Lanka. <br>Ces associations ont \u00e9t\u00e9s choisies pour le programme d\u2019aide 2019 - 2021.  <\/p>\r\n<!-- \/wp:paragraph -->\r\n\r\n<!-- wp:spacer {\"height\":33} -->\r\n<div style=\"height:33px\" aria-hidden=\"true\" class=\"wp-block-spacer\"><\/div>\r\n<!-- \/wp:spacer -->\r\n\r\n<!-- wp:columns -->\r\n<div class=\"wp-block-columns has-2-columns\"><!-- wp:column -->\r\n<div class=\"wp-block-column\"><!-- wp:image {\"id\":114,\"align\":\"center\"} -->\r\n<div class=\"wp-block-image\"><figure class=\"aligncenter\"><img src=\"https:\/\/skalmontreuxvevey.org\/wp-content\/uploads\/EcuaThai-LOGO-2017.png\" alt=\"\" class=\"wp-image-114\"\/><\/figure><\/div>\r\n<!-- \/wp:image -->\r\n\r\n<!-- wp:image {\"id\":120,\"align\":\"center\"} -->\r\n<div class=\"wp-block-image\"><figure class=\"aligncenter\"><img src=\"https:\/\/skalmontreuxvevey.org\/wp-content\/uploads\/SKAL-Ecuathai.jpg\" alt=\"SKAL-Ecuathai\" class=\"wp-image-120\"\/><\/figure><\/div>\r\n<!-- \/wp:image --><\/div>\r\n<!-- \/wp:column -->\r\n\r\n<!-- wp:column -->\r\n<div class=\"wp-block-column\"><!-- wp:image {\"id\":116,\"align\":\"center\"} -->\r\n<div class=\"wp-block-image\"><figure class=\"aligncenter\"><img src=\"https:\/\/skalmontreuxvevey.org\/wp-content\/uploads\/Logo-Asie-SOS.png\" alt=\"\" class=\"wp-image-116\"\/><\/figure><\/div>\r\n<!-- \/wp:image -->\r\n\r\n<!-- wp:image {\"id\":122,\"align\":\"center\"} -->\r\n<div class=\"wp-block-image\"><figure class=\"aligncenter\"><img src=\"https:\/\/skalmontreuxvevey.org\/wp-content\/uploads\/Skal-Asie-SOS.jpg\" alt=\"\" class=\"wp-image-122\"\/><\/figure><\/div>\r\n<!-- \/wp:image --><\/div>\r\n<!-- \/wp:column --><\/div>\r\n<!-- \/wp:columns -->\r\n\r\n<!-- wp:paragraph -->\r\n<p><\/p>\r\n<!-- \/wp:paragraph -->","_et_gb_content_width":"","footnotes":""},"class_list":["post-350","page","type-page","status-publish","hentry"],"yoast_head":"<!-- This site is optimized with the Yoast SEO plugin v27.4 - https:\/\/yoast.com\/product\/yoast-seo-wordpress\/ -->\n<title>One of the main objectives of Skal International is charity,<\/title>\n<meta name=\"description\" content=\"DONATE TO SUPPORT OUR CHARITIES:With your kind support and contributions will enable us to meet our goals of supporting our charities along the year.\" \/>\n<meta name=\"robots\" content=\"index, follow, max-snippet:-1, max-image-preview:large, max-video-preview:-1\" \/>\n<link rel=\"canonical\" href=\"https:\/\/skalmontreuxvevey.org\/en\/charities\/\" \/>\n<meta property=\"og:locale\" content=\"en_US\" \/>\n<meta property=\"og:type\" content=\"article\" \/>\n<meta property=\"og:title\" content=\"One of the main objectives of Skal International is charity,\" \/>\n<meta property=\"og:description\" content=\"DONATE TO SUPPORT OUR CHARITIES:With your kind support and contributions will enable us to meet our goals of supporting our charities along the year.\" \/>\n<meta property=\"og:url\" content=\"https:\/\/skalmontreuxvevey.org\/en\/charities\/\" \/>\n<meta property=\"og:site_name\" content=\"SKAL International Montreux Vevey - 5\" \/>\n<meta property=\"article:publisher\" content=\"https:\/\/www.facebook.com\/Skalmontreuxvevey\/\" \/>\n<meta property=\"article:modified_time\" content=\"2019-08-16T13:07:37+00:00\" \/>\n<meta property=\"og:image\" content=\"https:\/\/skalmontreuxvevey.org\/wp-content\/uploads\/EcuaThai-LOGO-CH-SKAL.jpg\" \/>\n<meta name=\"twitter:card\" content=\"summary_large_image\" \/>\n<meta name=\"twitter:label1\" content=\"Est. reading time\" \/>\n\t<meta name=\"twitter:data1\" content=\"2 minutes\" \/>\n<script type=\"application\/ld+json\" class=\"yoast-schema-graph\">{\"@context\":\"https:\\\/\\\/schema.org\",\"@graph\":[{\"@type\":\"WebPage\",\"@id\":\"https:\\\/\\\/skalmontreuxvevey.org\\\/en\\\/charities\\\/\",\"url\":\"https:\\\/\\\/skalmontreuxvevey.org\\\/en\\\/charities\\\/\",\"name\":\"One of the main objectives of Skal International is charity,\",\"isPartOf\":{\"@id\":\"https:\\\/\\\/skalmontreuxvevey.org\\\/en\\\/#website\"},\"primaryImageOfPage\":{\"@id\":\"https:\\\/\\\/skalmontreuxvevey.org\\\/en\\\/charities\\\/#primaryimage\"},\"image\":{\"@id\":\"https:\\\/\\\/skalmontreuxvevey.org\\\/en\\\/charities\\\/#primaryimage\"},\"thumbnailUrl\":\"https:\\\/\\\/skalmontreuxvevey.org\\\/wp-content\\\/uploads\\\/EcuaThai-LOGO-CH-SKAL.jpg\",\"datePublished\":\"2019-07-20T01:11:53+00:00\",\"dateModified\":\"2019-08-16T13:07:37+00:00\",\"description\":\"DONATE TO SUPPORT OUR CHARITIES:With your kind support and contributions will enable us to meet our goals of supporting our charities along the year.\",\"breadcrumb\":{\"@id\":\"https:\\\/\\\/skalmontreuxvevey.org\\\/en\\\/charities\\\/#breadcrumb\"},\"inLanguage\":\"en-US\",\"potentialAction\":[{\"@type\":\"ReadAction\",\"target\":[\"https:\\\/\\\/skalmontreuxvevey.org\\\/en\\\/charities\\\/\"]}]},{\"@type\":\"ImageObject\",\"inLanguage\":\"en-US\",\"@id\":\"https:\\\/\\\/skalmontreuxvevey.org\\\/en\\\/charities\\\/#primaryimage\",\"url\":\"https:\\\/\\\/skalmontreuxvevey.org\\\/wp-content\\\/uploads\\\/EcuaThai-LOGO-CH-SKAL.jpg\",\"contentUrl\":\"https:\\\/\\\/skalmontreuxvevey.org\\\/wp-content\\\/uploads\\\/EcuaThai-LOGO-CH-SKAL.jpg\"},{\"@type\":\"BreadcrumbList\",\"@id\":\"https:\\\/\\\/skalmontreuxvevey.org\\\/en\\\/charities\\\/#breadcrumb\",\"itemListElement\":[{\"@type\":\"ListItem\",\"position\":1,\"name\":\"Accueil\",\"item\":\"https:\\\/\\\/skalmontreuxvevey.org\\\/en\\\/\"},{\"@type\":\"ListItem\",\"position\":2,\"name\":\"Charities\"}]},{\"@type\":\"WebSite\",\"@id\":\"https:\\\/\\\/skalmontreuxvevey.org\\\/en\\\/#website\",\"url\":\"https:\\\/\\\/skalmontreuxvevey.org\\\/en\\\/\",\"name\":\"SKAL International Montreux Vevey - 5\",\"description\":\"Organisation professionnelle des leaders du tourisme\",\"publisher\":{\"@id\":\"https:\\\/\\\/skalmontreuxvevey.org\\\/en\\\/#organization\"},\"potentialAction\":[{\"@type\":\"SearchAction\",\"target\":{\"@type\":\"EntryPoint\",\"urlTemplate\":\"https:\\\/\\\/skalmontreuxvevey.org\\\/en\\\/?s={search_term_string}\"},\"query-input\":{\"@type\":\"PropertyValueSpecification\",\"valueRequired\":true,\"valueName\":\"search_term_string\"}}],\"inLanguage\":\"en-US\"},{\"@type\":\"Organization\",\"@id\":\"https:\\\/\\\/skalmontreuxvevey.org\\\/en\\\/#organization\",\"name\":\"SKAL International Montreux Vevey 5\",\"url\":\"https:\\\/\\\/skalmontreuxvevey.org\\\/en\\\/\",\"logo\":{\"@type\":\"ImageObject\",\"inLanguage\":\"en-US\",\"@id\":\"https:\\\/\\\/skalmontreuxvevey.org\\\/en\\\/#\\\/schema\\\/logo\\\/image\\\/\",\"url\":\"https:\\\/\\\/skalmontreuxvevey.org\\\/wp-content\\\/uploads\\\/Logo-Skal-512.png\",\"contentUrl\":\"https:\\\/\\\/skalmontreuxvevey.org\\\/wp-content\\\/uploads\\\/Logo-Skal-512.png\",\"width\":512,\"height\":512,\"caption\":\"SKAL International Montreux Vevey 5\"},\"image\":{\"@id\":\"https:\\\/\\\/skalmontreuxvevey.org\\\/en\\\/#\\\/schema\\\/logo\\\/image\\\/\"},\"sameAs\":[\"https:\\\/\\\/www.facebook.com\\\/Skalmontreuxvevey\\\/\"]}]}<\/script>\n<!-- \/ Yoast SEO plugin. -->","yoast_head_json":{"title":"One of the main objectives of Skal International is charity,","description":"DONATE TO SUPPORT OUR CHARITIES:With your kind support and contributions will enable us to meet our goals of supporting our charities along the year.","robots":{"index":"index","follow":"follow","max-snippet":"max-snippet:-1","max-image-preview":"max-image-preview:large","max-video-preview":"max-video-preview:-1"},"canonical":"https:\/\/skalmontreuxvevey.org\/en\/charities\/","og_locale":"en_US","og_type":"article","og_title":"One of the main objectives of Skal International is charity,","og_description":"DONATE TO SUPPORT OUR CHARITIES:With your kind support and contributions will enable us to meet our goals of supporting our charities along the year.","og_url":"https:\/\/skalmontreuxvevey.org\/en\/charities\/","og_site_name":"SKAL International Montreux Vevey - 5","article_publisher":"https:\/\/www.facebook.com\/Skalmontreuxvevey\/","article_modified_time":"2019-08-16T13:07:37+00:00","og_image":[{"url":"https:\/\/skalmontreuxvevey.org\/wp-content\/uploads\/EcuaThai-LOGO-CH-SKAL.jpg","type":"","width":"","height":""}],"twitter_card":"summary_large_image","twitter_misc":{"Est. reading time":"2 minutes"},"schema":{"@context":"https:\/\/schema.org","@graph":[{"@type":"WebPage","@id":"https:\/\/skalmontreuxvevey.org\/en\/charities\/","url":"https:\/\/skalmontreuxvevey.org\/en\/charities\/","name":"One of the main objectives of Skal International is charity,","isPartOf":{"@id":"https:\/\/skalmontreuxvevey.org\/en\/#website"},"primaryImageOfPage":{"@id":"https:\/\/skalmontreuxvevey.org\/en\/charities\/#primaryimage"},"image":{"@id":"https:\/\/skalmontreuxvevey.org\/en\/charities\/#primaryimage"},"thumbnailUrl":"https:\/\/skalmontreuxvevey.org\/wp-content\/uploads\/EcuaThai-LOGO-CH-SKAL.jpg","datePublished":"2019-07-20T01:11:53+00:00","dateModified":"2019-08-16T13:07:37+00:00","description":"DONATE TO SUPPORT OUR CHARITIES:With your kind support and contributions will enable us to meet our goals of supporting our charities along the year.","breadcrumb":{"@id":"https:\/\/skalmontreuxvevey.org\/en\/charities\/#breadcrumb"},"inLanguage":"en-US","potentialAction":[{"@type":"ReadAction","target":["https:\/\/skalmontreuxvevey.org\/en\/charities\/"]}]},{"@type":"ImageObject","inLanguage":"en-US","@id":"https:\/\/skalmontreuxvevey.org\/en\/charities\/#primaryimage","url":"https:\/\/skalmontreuxvevey.org\/wp-content\/uploads\/EcuaThai-LOGO-CH-SKAL.jpg","contentUrl":"https:\/\/skalmontreuxvevey.org\/wp-content\/uploads\/EcuaThai-LOGO-CH-SKAL.jpg"},{"@type":"BreadcrumbList","@id":"https:\/\/skalmontreuxvevey.org\/en\/charities\/#breadcrumb","itemListElement":[{"@type":"ListItem","position":1,"name":"Accueil","item":"https:\/\/skalmontreuxvevey.org\/en\/"},{"@type":"ListItem","position":2,"name":"Charities"}]},{"@type":"WebSite","@id":"https:\/\/skalmontreuxvevey.org\/en\/#website","url":"https:\/\/skalmontreuxvevey.org\/en\/","name":"SKAL International Montreux Vevey - 5","description":"Organisation professionnelle des leaders du tourisme","publisher":{"@id":"https:\/\/skalmontreuxvevey.org\/en\/#organization"},"potentialAction":[{"@type":"SearchAction","target":{"@type":"EntryPoint","urlTemplate":"https:\/\/skalmontreuxvevey.org\/en\/?s={search_term_string}"},"query-input":{"@type":"PropertyValueSpecification","valueRequired":true,"valueName":"search_term_string"}}],"inLanguage":"en-US"},{"@type":"Organization","@id":"https:\/\/skalmontreuxvevey.org\/en\/#organization","name":"SKAL International Montreux Vevey 5","url":"https:\/\/skalmontreuxvevey.org\/en\/","logo":{"@type":"ImageObject","inLanguage":"en-US","@id":"https:\/\/skalmontreuxvevey.org\/en\/#\/schema\/logo\/image\/","url":"https:\/\/skalmontreuxvevey.org\/wp-content\/uploads\/Logo-Skal-512.png","contentUrl":"https:\/\/skalmontreuxvevey.org\/wp-content\/uploads\/Logo-Skal-512.png","width":512,"height":512,"caption":"SKAL International Montreux Vevey 5"},"image":{"@id":"https:\/\/skalmontreuxvevey.org\/en\/#\/schema\/logo\/image\/"},"sameAs":["https:\/\/www.facebook.com\/Skalmontreuxvevey\/"]}]}},"_links":{"self":[{"href":"https:\/\/skalmontreuxvevey.org\/en\/wp-json\/wp\/v2\/pages\/350","targetHints":{"allow":["GET"]}}],"collection":[{"href":"https:\/\/skalmontreuxvevey.org\/en\/wp-json\/wp\/v2\/pages"}],"about":[{"href":"https:\/\/skalmontreuxvevey.org\/en\/wp-json\/wp\/v2\/types\/page"}],"author":[{"embeddable":true,"href":"https:\/\/skalmontreuxvevey.org\/en\/wp-json\/wp\/v2\/users\/1"}],"replies":[{"embeddable":true,"href":"https:\/\/skalmontreuxvevey.org\/en\/wp-json\/wp\/v2\/comments?post=350"}],"version-history":[{"count":0,"href":"https:\/\/skalmontreuxvevey.org\/en\/wp-json\/wp\/v2\/pages\/350\/revisions"}],"wp:attachment":[{"href":"https:\/\/skalmontreuxvevey.org\/en\/wp-json\/wp\/v2\/media?parent=350"}],"curies":[{"name":"wp","href":"https:\/\/api.w.org\/{rel}","templated":true}]}}